{"id":4284,"date":"2018-11-12T11:50:12","date_gmt":"2018-11-12T11:50:12","guid":{"rendered":"https:\/\/demo.themeisle.com\/hestia-default\/hestia-front\/"},"modified":"2019-09-15T05:16:50","modified_gmt":"2019-09-15T05:16:50","slug":"hestia-front","status":"publish","type":"page","link":"https:\/\/www.oroinc.lt\/","title":{"rendered":""},"content":{"rendered":"\n<p style=\"background-color:#4bd521;text-align:justify\" class=\"has-text-color has-background has-small-font-size has-dark-gray-color\"><strong>Oro Incorporate<\/strong> dirba teikiant analize ir tyrimais paremtas konsultacijas ir paslaugas. Mes taip pat padedame vie\u0161ojo sektoriaus organizacijoms, valstyb\u0117s ar savivaldybi\u0173 \u012fstaigoms bei privataus verslo \u012fmon\u0117ms spr\u0119sti \u0161iuolaikinius veiklos vykdymo ir valdymo i\u0161\u0161\u016bkius. Mums patinka iekoti atsakym\u0173 \u012f sud\u0117tingus klausimus. Siekiame teikti \u012frodymais pagr\u012fstus sprendimus bei prisid\u0117ti prie jums reikiam\u0173 poky\u010di\u0173 \u012fgyvendinimo. <strong>Organizacij\u0173, \u012fstaig\u0173 ir \u012fmoni\u0173 tobulinimo proces\u0105 vykdome trimis etapais:<\/strong><\/p>\n\n\n\n<p style=\"text-align:justify\" class=\"has-text-color has-small-font-size has-dark-gray-color\"><img decoding=\"async\" loading=\"lazy\" width=\"190\" height=\"30\" class=\"wp-image-4361\" style=\"width: 150px;\" src=\"https:\/\/www.oroinc.lt\/wp-content\/uploads\/2019\/09\/raides1.png\" alt=\"\"> &#8211; tai etapas, kai i\u0161siai\u0161kinamas organizacij\u0173, \u012fstaig\u0173, ar \u012fmoni\u0173 tobul\u0117jimo poreikis, i\u0161analizuojama informacija ir si\u016blomi sprendiniai bei poky\u010di\u0173 palanai, taip pat numatant rodiklius rezultatams matuoti ir vertinti. <\/p>\n\n\n\n<p style=\"text-align:justify\" class=\"has-text-color has-small-font-size has-dark-gray-color\"><img decoding=\"async\" loading=\"lazy\" width=\"183\" height=\"29\" class=\"wp-image-4367\" style=\"width: 150px;\" src=\"https:\/\/www.oroinc.lt\/wp-content\/uploads\/2019\/09\/raides_2.png\" alt=\"\">&#8211; tai etapas, kai ugdomos reikalingos personalo kompetencijos ir formuojami \u012fg\u016bd\u017eiai efektyviau atlikti priskirtas funkcijas ir tinkamai valdyti deleguotus procesus. <\/p>\n\n\n\n<p style=\"text-align:justify\" class=\"has-text-color has-small-font-size has-dark-gray-color\"><img decoding=\"async\" loading=\"lazy\" width=\"179\" height=\"28\" class=\"wp-image-4368\" style=\"width: 150px;\" src=\"https:\/\/www.oroinc.lt\/wp-content\/uploads\/2019\/09\/raides3.png\" alt=\"\">&#8211; tai tolimesnis nuolatinis kompetencij\u0173 ir \u012fg\u016bd\u017ei\u0173 tobulinimas, siekiant u\u017esibr\u0117\u017et\u0173 tiksl\u0173.<\/p>\n","protected":false},"excerpt":{"rendered":"<p>Oro Incorporate dirba teikiant analize ir tyrimais paremtas konsultacijas ir paslaugas. Mes taip pat padedame vie\u0161ojo sektoriaus organizacijoms, valstyb\u0117s ar savivaldybi\u0173 \u012fstaigoms bei privataus verslo \u012fmon\u0117ms spr\u0119sti \u0161iuolaikinius veiklos vykdymo ir valdymo i\u0161\u0161\u016bkius. Mums patinka iekoti atsakym\u0173 \u012f sud\u0117tingus klausimus. Siekiame teikti \u012frodymais pagr\u012fstus sprendimus bei prisid\u0117ti prie jums reikiam\u0173 poky\u010di\u0173 \u012fgyvendinimo. Organizacij\u0173, \u012fstaig\u0173 ir &hellip; <a href=\"https:\/\/www.oroinc.lt\/\" class=\"more-link\">Toliau skaityti<span class=\"screen-reader-text\"> &#8222;&#8221;<\/span><\/a><\/p>\n","protected":false},"author":1,"featured_media":0,"parent":0,"menu_order":0,"comment_status":"closed","ping_status":"closed","template":"","meta":[],"yoast_head":"<!-- This site is optimized with the Yoast SEO plugin v20.8 - https:\/\/yoast.com\/wordpress\/plugins\/seo\/ -->\n<title>- ORO Incorporate, UAB \/ el. pa\u0161tas kontaktams: info@oroinc.lt<\/title>\n<meta name=\"robots\" content=\"index, follow, max-snippet:-1, max-image-preview:large, max-video-preview:-1\" \/>\n<link rel=\"canonical\" href=\"https:\/\/www.oroinc.lt\/\" \/>\n<meta property=\"og:locale\" content=\"lt_LT\" \/>\n<meta property=\"og:type\" content=\"article\" \/>\n<meta property=\"og:title\" content=\"- ORO Incorporate, UAB \/ el. pa\u0161tas kontaktams: info@oroinc.lt\" \/>\n<meta property=\"og:description\" content=\"Oro Incorporate dirba teikiant analize ir tyrimais paremtas konsultacijas ir paslaugas. Mes taip pat padedame vie\u0161ojo sektoriaus organizacijoms, valstyb\u0117s ar savivaldybi\u0173 \u012fstaigoms bei privataus verslo \u012fmon\u0117ms spr\u0119sti \u0161iuolaikinius veiklos vykdymo ir valdymo i\u0161\u0161\u016bkius. Mums patinka iekoti atsakym\u0173 \u012f sud\u0117tingus klausimus. Siekiame teikti \u012frodymais pagr\u012fstus sprendimus bei prisid\u0117ti prie jums reikiam\u0173 poky\u010di\u0173 \u012fgyvendinimo. Organizacij\u0173, \u012fstaig\u0173 ir &hellip; Toliau skaityti &quot;&quot;\" \/>\n<meta property=\"og:url\" content=\"https:\/\/www.oroinc.lt\/\" \/>\n<meta property=\"og:site_name\" content=\"ORO Incorporate, UAB \/ el. pa\u0161tas kontaktams: info@oroinc.lt\" \/>\n<meta property=\"article:modified_time\" content=\"2019-09-15T05:16:50+00:00\" \/>\n<meta property=\"og:image\" content=\"https:\/\/www.oroinc.lt\/wp-content\/uploads\/2019\/09\/raides1.png\" \/>\n<meta name=\"twitter:card\" content=\"summary_large_image\" \/>\n<meta name=\"twitter:label1\" content=\"Est. reading time\" \/>\n\t<meta name=\"twitter:data1\" content=\"1 minut\u0117\" \/>\n<script type=\"application\/ld+json\" class=\"yoast-schema-graph\">{\"@context\":\"https:\/\/schema.org\",\"@graph\":[{\"@type\":\"WebPage\",\"@id\":\"https:\/\/www.oroinc.lt\/\",\"url\":\"https:\/\/www.oroinc.lt\/\",\"name\":\"- ORO Incorporate, UAB \/ el. pa\u0161tas kontaktams: info@oroinc.lt\",\"isPartOf\":{\"@id\":\"https:\/\/www.oroinc.lt\/#website\"},\"datePublished\":\"2018-11-12T11:50:12+00:00\",\"dateModified\":\"2019-09-15T05:16:50+00:00\",\"inLanguage\":\"lt-LT\",\"potentialAction\":[{\"@type\":\"ReadAction\",\"target\":[\"https:\/\/www.oroinc.lt\/\"]}]},{\"@type\":\"WebSite\",\"@id\":\"https:\/\/www.oroinc.lt\/#website\",\"url\":\"https:\/\/www.oroinc.lt\/\",\"name\":\"ORO Incorporate, UAB \/ el. pa\u0161tas kontaktams: info@oroinc.lt\",\"description\":\"\",\"publisher\":{\"@id\":\"https:\/\/www.oroinc.lt\/#organization\"},\"potentialAction\":[{\"@type\":\"SearchAction\",\"target\":{\"@type\":\"EntryPoint\",\"urlTemplate\":\"https:\/\/www.oroinc.lt\/?s={search_term_string}\"},\"query-input\":\"required name=search_term_string\"}],\"inLanguage\":\"lt-LT\"},{\"@type\":\"Organization\",\"@id\":\"https:\/\/www.oroinc.lt\/#organization\",\"name\":\"ORO Incorporate, UAB \/ el. pa\u0161tas kontaktams: info@oroinc.lt\",\"url\":\"https:\/\/www.oroinc.lt\/\",\"logo\":{\"@type\":\"ImageObject\",\"inLanguage\":\"lt-LT\",\"@id\":\"https:\/\/www.oroinc.lt\/#\/schema\/logo\/image\/\",\"url\":\"https:\/\/www.oroinc.lt\/wp-content\/uploads\/2019\/09\/cropped-logas-2.gif\",\"contentUrl\":\"https:\/\/www.oroinc.lt\/wp-content\/uploads\/2019\/09\/cropped-logas-2.gif\",\"width\":240,\"height\":105,\"caption\":\"ORO Incorporate, UAB \/ el. pa\u0161tas kontaktams: info@oroinc.lt\"},\"image\":{\"@id\":\"https:\/\/www.oroinc.lt\/#\/schema\/logo\/image\/\"}}]}<\/script>\n<!-- \/ Yoast SEO plugin. -->","yoast_head_json":{"title":"- ORO Incorporate, UAB \/ el. pa\u0161tas kontaktams: info@oroinc.lt","robots":{"index":"index","follow":"follow","max-snippet":"max-snippet:-1","max-image-preview":"max-image-preview:large","max-video-preview":"max-video-preview:-1"},"canonical":"https:\/\/www.oroinc.lt\/","og_locale":"lt_LT","og_type":"article","og_title":"- ORO Incorporate, UAB \/ el. pa\u0161tas kontaktams: info@oroinc.lt","og_description":"Oro Incorporate dirba teikiant analize ir tyrimais paremtas konsultacijas ir paslaugas. Mes taip pat padedame vie\u0161ojo sektoriaus organizacijoms, valstyb\u0117s ar savivaldybi\u0173 \u012fstaigoms bei privataus verslo \u012fmon\u0117ms spr\u0119sti \u0161iuolaikinius veiklos vykdymo ir valdymo i\u0161\u0161\u016bkius. Mums patinka iekoti atsakym\u0173 \u012f sud\u0117tingus klausimus. Siekiame teikti \u012frodymais pagr\u012fstus sprendimus bei prisid\u0117ti prie jums reikiam\u0173 poky\u010di\u0173 \u012fgyvendinimo. Organizacij\u0173, \u012fstaig\u0173 ir &hellip; Toliau skaityti \"\"","og_url":"https:\/\/www.oroinc.lt\/","og_site_name":"ORO Incorporate, UAB \/ el. pa\u0161tas kontaktams: info@oroinc.lt","article_modified_time":"2019-09-15T05:16:50+00:00","og_image":[{"url":"https:\/\/www.oroinc.lt\/wp-content\/uploads\/2019\/09\/raides1.png"}],"twitter_card":"summary_large_image","twitter_misc":{"Est. reading time":"1 minut\u0117"},"schema":{"@context":"https:\/\/schema.org","@graph":[{"@type":"WebPage","@id":"https:\/\/www.oroinc.lt\/","url":"https:\/\/www.oroinc.lt\/","name":"- ORO Incorporate, UAB \/ el. pa\u0161tas kontaktams: info@oroinc.lt","isPartOf":{"@id":"https:\/\/www.oroinc.lt\/#website"},"datePublished":"2018-11-12T11:50:12+00:00","dateModified":"2019-09-15T05:16:50+00:00","inLanguage":"lt-LT","potentialAction":[{"@type":"ReadAction","target":["https:\/\/www.oroinc.lt\/"]}]},{"@type":"WebSite","@id":"https:\/\/www.oroinc.lt\/#website","url":"https:\/\/www.oroinc.lt\/","name":"ORO Incorporate, UAB \/ el. pa\u0161tas kontaktams: info@oroinc.lt","description":"","publisher":{"@id":"https:\/\/www.oroinc.lt\/#organization"},"potentialAction":[{"@type":"SearchAction","target":{"@type":"EntryPoint","urlTemplate":"https:\/\/www.oroinc.lt\/?s={search_term_string}"},"query-input":"required name=search_term_string"}],"inLanguage":"lt-LT"},{"@type":"Organization","@id":"https:\/\/www.oroinc.lt\/#organization","name":"ORO Incorporate, UAB \/ el. pa\u0161tas kontaktams: info@oroinc.lt","url":"https:\/\/www.oroinc.lt\/","logo":{"@type":"ImageObject","inLanguage":"lt-LT","@id":"https:\/\/www.oroinc.lt\/#\/schema\/logo\/image\/","url":"https:\/\/www.oroinc.lt\/wp-content\/uploads\/2019\/09\/cropped-logas-2.gif","contentUrl":"https:\/\/www.oroinc.lt\/wp-content\/uploads\/2019\/09\/cropped-logas-2.gif","width":240,"height":105,"caption":"ORO Incorporate, UAB \/ el. pa\u0161tas kontaktams: info@oroinc.lt"},"image":{"@id":"https:\/\/www.oroinc.lt\/#\/schema\/logo\/image\/"}}]}},"_links":{"self":[{"href":"https:\/\/www.oroinc.lt\/index.php?rest_route=\/wp\/v2\/pages\/4284"}],"collection":[{"href":"https:\/\/www.oroinc.lt\/index.php?rest_route=\/wp\/v2\/pages"}],"about":[{"href":"https:\/\/www.oroinc.lt\/index.php?rest_route=\/wp\/v2\/types\/page"}],"author":[{"embeddable":true,"href":"https:\/\/www.oroinc.lt\/index.php?rest_route=\/wp\/v2\/users\/1"}],"replies":[{"embeddable":true,"href":"https:\/\/www.oroinc.lt\/index.php?rest_route=%2Fwp%2Fv2%2Fcomments&post=4284"}],"version-history":[{"count":27,"href":"https:\/\/www.oroinc.lt\/index.php?rest_route=\/wp\/v2\/pages\/4284\/revisions"}],"predecessor-version":[{"id":4384,"href":"https:\/\/www.oroinc.lt\/index.php?rest_route=\/wp\/v2\/pages\/4284\/revisions\/4384"}],"wp:attachment":[{"href":"https:\/\/www.oroinc.lt\/index.php?rest_route=%2Fwp%2Fv2%2Fmedia&parent=4284"}],"curies":[{"name":"wp","href":"https:\/\/api.w.org\/{rel}","templated":true}]}}