{"id":4340,"date":"2019-09-14T05:56:20","date_gmt":"2019-09-14T05:56:20","guid":{"rendered":"https:\/\/www.oroinc.lt\/?page_id=4340"},"modified":"2020-12-09T15:53:34","modified_gmt":"2020-12-09T15:53:34","slug":"apie-mus","status":"publish","type":"page","link":"https:\/\/www.oroinc.lt\/?page_id=4340","title":{"rendered":"Apie mus"},"content":{"rendered":"\n<p class=\"has-text-align-justify has-dark-gray-color has-text-color has-background has-small-font-size\" style=\"background-color:#4bd521\"><strong>ORO Incorporate<\/strong>&nbsp;&#8211; bendramin\u010di\u0173 grup\u0117, kuri tiki, kad da\u017enoje srityje efektyvumo galima siekti papildant vienas kit\u0105 \u017einiomis, patirtimi ir sugeb\u0117jimais. Niekada i\u0161 anksto netvirtiname, kad \u017einome daugiau, arba galime geriau nei kiti &#8211; stengiam\u0117s b\u016bti \u012fvertinti ir pripa\u017einti dirbdami. Patikti ir b\u016bti geriausiems n\u0117ra m\u016bs\u0173 tikslas. <strong>ORO incorporate <\/strong>veiklos principai: <\/p>\n\n\n\n<p class=\"has-drop-cap has-text-align-justify has-dark-gray-color has-text-color has-small-font-size\"><strong>Pareigingumas<\/strong>. Atlikt\u0173 u\u017eduo\u010di\u0173 aptartus rezultatus \/ produktus u\u017esakovui pateikiame nev\u0117luodami.<\/p>\n\n\n\n<p><\/p>\n\n\n\n<p class=\"has-drop-cap has-text-align-justify has-dark-gray-color has-text-color has-small-font-size\"><strong>Atsakingumas.<\/strong> Mes pateikiame u\u017esakovams tai, k\u0105 pa\u017eadame. M\u016bs\u0173 s\u0117km\u0117 ne\u012fmanoma be m\u016bs\u0173 klient\u0173 s\u0117km\u0117s.<\/p>\n\n\n\n<p><\/p>\n\n\n\n<p class=\"has-drop-cap has-dark-gray-color has-text-color has-small-font-size\"><strong>Tobul\u0117jimas<\/strong>. Kiekviena u\u017eduotis mums yra nauja ir vertinga pamoka.<\/p>\n\n\n\n<p><\/p>\n\n\n\n<p class=\"has-drop-cap has-text-align-justify has-dark-gray-color has-text-color has-small-font-size\"><strong>I\u0161manymas. <\/strong>Dirbame tik jei tikrai i\u0161manome tem\u0105, arba \u017einome, kad galime \u012fgyti tr\u016bkstam\u0173 \u017eini\u0173, dirbant kartu su u\u017esakovu.<\/p>\n\n\n\n<p><\/p>\n\n\n\n<p class=\"has-drop-cap has-text-align-justify has-dark-gray-color has-text-color has-small-font-size\"><strong>Kokyb\u0117.<\/strong> Su kiekvienu u\u017esakovu bendraujame, siekdami kuo geriau i\u0161analizuoti jo pageidavimus ir l\u016bkes\u010dius, bet atlikdami u\u017eduotis stengiam\u0117s padaryti geriau ir daugiau, nei tik\u0117tasi.<\/p>\n\n\n\n<p><\/p>\n\n\n\n<p class=\"has-drop-cap has-text-align-justify has-dark-gray-color has-text-color has-small-font-size\"><strong>Inovatyvumas.<\/strong> Nuolatin\u0117 nauj\u0173 id\u0117j\u0173, technologij\u0173 ir inovacij\u0173 paie\u0161ka, dom\u0117jimasis naujomis bendradarbiavimo ir darbo technikomis, tikiu, atveria naujus horizontus ir naujas galimybes.<\/p>\n\n\n\n<p><\/p>\n\n\n\n<p class=\"has-drop-cap has-text-align-justify has-dark-gray-color has-text-color has-small-font-size\"><strong>Motyvacija. <\/strong>Imam\u0117s darbo tik jeigu patys tikime tuo, k\u0105 darome.<\/p>\n\n\n\n<p><\/p>\n\n\n\n<p class=\"has-drop-cap has-text-align-justify has-dark-gray-color has-text-color has-small-font-size\"><strong>Integralumas<\/strong>. Visada taikydami sistemin\u012f po\u017ei\u016br\u012f, siekiame, kad suteiktos paslaugos rezultatai tapt\u0173 kuo geriau suderinta organizacijos, \u012fstaigos ar \u012fmon\u0117s vykdomos veiklos visumos dalimi.<\/p>\n\n\n\n<p><\/p>\n","protected":false},"excerpt":{"rendered":"<p>ORO Incorporate&nbsp;&#8211; bendramin\u010di\u0173 grup\u0117, kuri tiki, kad da\u017enoje srityje efektyvumo galima siekti papildant vienas kit\u0105 \u017einiomis, patirtimi ir sugeb\u0117jimais. Niekada i\u0161 anksto netvirtiname, kad \u017einome daugiau, arba galime geriau nei kiti &#8211; stengiam\u0117s b\u016bti \u012fvertinti ir pripa\u017einti dirbdami. Patikti ir b\u016bti geriausiems n\u0117ra m\u016bs\u0173 tikslas. ORO incorporate veiklos principai: Pareigingumas. Atlikt\u0173 u\u017eduo\u010di\u0173 aptartus rezultatus \/ &hellip; <a href=\"https:\/\/www.oroinc.lt\/?page_id=4340\" class=\"more-link\">Toliau skaityti<span class=\"screen-reader-text\"> &#8222;Apie mus&#8221;<\/span><\/a><\/p>\n","protected":false},"author":1,"featured_media":0,"parent":0,"menu_order":0,"comment_status":"closed","ping_status":"closed","template":"","meta":[],"yoast_head":"<!-- This site is optimized with the Yoast SEO plugin v20.8 - https:\/\/yoast.com\/wordpress\/plugins\/seo\/ -->\n<title>Apie mus - ORO Incorporate, UAB \/ el. pa\u0161tas kontaktams: info@oroinc.lt<\/title>\n<meta name=\"robots\" content=\"index, follow, max-snippet:-1, max-image-preview:large, max-video-preview:-1\" \/>\n<link rel=\"canonical\" href=\"https:\/\/www.oroinc.lt\/?page_id=4340\" \/>\n<meta property=\"og:locale\" content=\"lt_LT\" \/>\n<meta property=\"og:type\" content=\"article\" \/>\n<meta property=\"og:title\" content=\"Apie mus - ORO Incorporate, UAB \/ el. pa\u0161tas kontaktams: info@oroinc.lt\" \/>\n<meta property=\"og:description\" content=\"ORO Incorporate&nbsp;&#8211; bendramin\u010di\u0173 grup\u0117, kuri tiki, kad da\u017enoje srityje efektyvumo galima siekti papildant vienas kit\u0105 \u017einiomis, patirtimi ir sugeb\u0117jimais. Niekada i\u0161 anksto netvirtiname, kad \u017einome daugiau, arba galime geriau nei kiti &#8211; stengiam\u0117s b\u016bti \u012fvertinti ir pripa\u017einti dirbdami. Patikti ir b\u016bti geriausiems n\u0117ra m\u016bs\u0173 tikslas. ORO incorporate veiklos principai: Pareigingumas. Atlikt\u0173 u\u017eduo\u010di\u0173 aptartus rezultatus \/ &hellip; Toliau skaityti &quot;Apie mus&quot;\" \/>\n<meta property=\"og:url\" content=\"https:\/\/www.oroinc.lt\/?page_id=4340\" \/>\n<meta property=\"og:site_name\" content=\"ORO Incorporate, UAB \/ el. pa\u0161tas kontaktams: info@oroinc.lt\" \/>\n<meta property=\"article:modified_time\" content=\"2020-12-09T15:53:34+00:00\" \/>\n<meta name=\"twitter:card\" content=\"summary_large_image\" \/>\n<meta name=\"twitter:label1\" content=\"Est. reading time\" \/>\n\t<meta name=\"twitter:data1\" content=\"1 minut\u0117\" \/>\n<script type=\"application\/ld+json\" class=\"yoast-schema-graph\">{\"@context\":\"https:\/\/schema.org\",\"@graph\":[{\"@type\":\"WebPage\",\"@id\":\"https:\/\/www.oroinc.lt\/?page_id=4340\",\"url\":\"https:\/\/www.oroinc.lt\/?page_id=4340\",\"name\":\"Apie mus - ORO Incorporate, UAB \/ el. pa\u0161tas kontaktams: info@oroinc.lt\",\"isPartOf\":{\"@id\":\"https:\/\/www.oroinc.lt\/#website\"},\"datePublished\":\"2019-09-14T05:56:20+00:00\",\"dateModified\":\"2020-12-09T15:53:34+00:00\",\"breadcrumb\":{\"@id\":\"https:\/\/www.oroinc.lt\/?page_id=4340#breadcrumb\"},\"inLanguage\":\"lt-LT\",\"potentialAction\":[{\"@type\":\"ReadAction\",\"target\":[\"https:\/\/www.oroinc.lt\/?page_id=4340\"]}]},{\"@type\":\"BreadcrumbList\",\"@id\":\"https:\/\/www.oroinc.lt\/?page_id=4340#breadcrumb\",\"itemListElement\":[{\"@type\":\"ListItem\",\"position\":1,\"name\":\"Home\",\"item\":\"https:\/\/www.oroinc.lt\/\"},{\"@type\":\"ListItem\",\"position\":2,\"name\":\"Apie mus\"}]},{\"@type\":\"WebSite\",\"@id\":\"https:\/\/www.oroinc.lt\/#website\",\"url\":\"https:\/\/www.oroinc.lt\/\",\"name\":\"ORO Incorporate, UAB \/ el. pa\u0161tas kontaktams: info@oroinc.lt\",\"description\":\"\",\"publisher\":{\"@id\":\"https:\/\/www.oroinc.lt\/#organization\"},\"potentialAction\":[{\"@type\":\"SearchAction\",\"target\":{\"@type\":\"EntryPoint\",\"urlTemplate\":\"https:\/\/www.oroinc.lt\/?s={search_term_string}\"},\"query-input\":\"required name=search_term_string\"}],\"inLanguage\":\"lt-LT\"},{\"@type\":\"Organization\",\"@id\":\"https:\/\/www.oroinc.lt\/#organization\",\"name\":\"ORO Incorporate, UAB \/ el. pa\u0161tas kontaktams: info@oroinc.lt\",\"url\":\"https:\/\/www.oroinc.lt\/\",\"logo\":{\"@type\":\"ImageObject\",\"inLanguage\":\"lt-LT\",\"@id\":\"https:\/\/www.oroinc.lt\/#\/schema\/logo\/image\/\",\"url\":\"https:\/\/www.oroinc.lt\/wp-content\/uploads\/2019\/09\/cropped-logas-2.gif\",\"contentUrl\":\"https:\/\/www.oroinc.lt\/wp-content\/uploads\/2019\/09\/cropped-logas-2.gif\",\"width\":240,\"height\":105,\"caption\":\"ORO Incorporate, UAB \/ el. pa\u0161tas kontaktams: info@oroinc.lt\"},\"image\":{\"@id\":\"https:\/\/www.oroinc.lt\/#\/schema\/logo\/image\/\"}}]}<\/script>\n<!-- \/ Yoast SEO plugin. -->","yoast_head_json":{"title":"Apie mus - ORO Incorporate, UAB \/ el. pa\u0161tas kontaktams: info@oroinc.lt","robots":{"index":"index","follow":"follow","max-snippet":"max-snippet:-1","max-image-preview":"max-image-preview:large","max-video-preview":"max-video-preview:-1"},"canonical":"https:\/\/www.oroinc.lt\/?page_id=4340","og_locale":"lt_LT","og_type":"article","og_title":"Apie mus - ORO Incorporate, UAB \/ el. pa\u0161tas kontaktams: info@oroinc.lt","og_description":"ORO Incorporate&nbsp;&#8211; bendramin\u010di\u0173 grup\u0117, kuri tiki, kad da\u017enoje srityje efektyvumo galima siekti papildant vienas kit\u0105 \u017einiomis, patirtimi ir sugeb\u0117jimais. Niekada i\u0161 anksto netvirtiname, kad \u017einome daugiau, arba galime geriau nei kiti &#8211; stengiam\u0117s b\u016bti \u012fvertinti ir pripa\u017einti dirbdami. Patikti ir b\u016bti geriausiems n\u0117ra m\u016bs\u0173 tikslas. ORO incorporate veiklos principai: Pareigingumas. Atlikt\u0173 u\u017eduo\u010di\u0173 aptartus rezultatus \/ &hellip; Toliau skaityti \"Apie mus\"","og_url":"https:\/\/www.oroinc.lt\/?page_id=4340","og_site_name":"ORO Incorporate, UAB \/ el. pa\u0161tas kontaktams: info@oroinc.lt","article_modified_time":"2020-12-09T15:53:34+00:00","twitter_card":"summary_large_image","twitter_misc":{"Est. reading time":"1 minut\u0117"},"schema":{"@context":"https:\/\/schema.org","@graph":[{"@type":"WebPage","@id":"https:\/\/www.oroinc.lt\/?page_id=4340","url":"https:\/\/www.oroinc.lt\/?page_id=4340","name":"Apie mus - ORO Incorporate, UAB \/ el. pa\u0161tas kontaktams: info@oroinc.lt","isPartOf":{"@id":"https:\/\/www.oroinc.lt\/#website"},"datePublished":"2019-09-14T05:56:20+00:00","dateModified":"2020-12-09T15:53:34+00:00","breadcrumb":{"@id":"https:\/\/www.oroinc.lt\/?page_id=4340#breadcrumb"},"inLanguage":"lt-LT","potentialAction":[{"@type":"ReadAction","target":["https:\/\/www.oroinc.lt\/?page_id=4340"]}]},{"@type":"BreadcrumbList","@id":"https:\/\/www.oroinc.lt\/?page_id=4340#breadcrumb","itemListElement":[{"@type":"ListItem","position":1,"name":"Home","item":"https:\/\/www.oroinc.lt\/"},{"@type":"ListItem","position":2,"name":"Apie mus"}]},{"@type":"WebSite","@id":"https:\/\/www.oroinc.lt\/#website","url":"https:\/\/www.oroinc.lt\/","name":"ORO Incorporate, UAB \/ el. pa\u0161tas kontaktams: info@oroinc.lt","description":"","publisher":{"@id":"https:\/\/www.oroinc.lt\/#organization"},"potentialAction":[{"@type":"SearchAction","target":{"@type":"EntryPoint","urlTemplate":"https:\/\/www.oroinc.lt\/?s={search_term_string}"},"query-input":"required name=search_term_string"}],"inLanguage":"lt-LT"},{"@type":"Organization","@id":"https:\/\/www.oroinc.lt\/#organization","name":"ORO Incorporate, UAB \/ el. pa\u0161tas kontaktams: info@oroinc.lt","url":"https:\/\/www.oroinc.lt\/","logo":{"@type":"ImageObject","inLanguage":"lt-LT","@id":"https:\/\/www.oroinc.lt\/#\/schema\/logo\/image\/","url":"https:\/\/www.oroinc.lt\/wp-content\/uploads\/2019\/09\/cropped-logas-2.gif","contentUrl":"https:\/\/www.oroinc.lt\/wp-content\/uploads\/2019\/09\/cropped-logas-2.gif","width":240,"height":105,"caption":"ORO Incorporate, UAB \/ el. pa\u0161tas kontaktams: info@oroinc.lt"},"image":{"@id":"https:\/\/www.oroinc.lt\/#\/schema\/logo\/image\/"}}]}},"_links":{"self":[{"href":"https:\/\/www.oroinc.lt\/index.php?rest_route=\/wp\/v2\/pages\/4340"}],"collection":[{"href":"https:\/\/www.oroinc.lt\/index.php?rest_route=\/wp\/v2\/pages"}],"about":[{"href":"https:\/\/www.oroinc.lt\/index.php?rest_route=\/wp\/v2\/types\/page"}],"author":[{"embeddable":true,"href":"https:\/\/www.oroinc.lt\/index.php?rest_route=\/wp\/v2\/users\/1"}],"replies":[{"embeddable":true,"href":"https:\/\/www.oroinc.lt\/index.php?rest_route=%2Fwp%2Fv2%2Fcomments&post=4340"}],"version-history":[{"count":12,"href":"https:\/\/www.oroinc.lt\/index.php?rest_route=\/wp\/v2\/pages\/4340\/revisions"}],"predecessor-version":[{"id":4457,"href":"https:\/\/www.oroinc.lt\/index.php?rest_route=\/wp\/v2\/pages\/4340\/revisions\/4457"}],"wp:attachment":[{"href":"https:\/\/www.oroinc.lt\/index.php?rest_route=%2Fwp%2Fv2%2Fmedia&parent=4340"}],"curies":[{"name":"wp","href":"https:\/\/api.w.org\/{rel}","templated":true}]}}